{"id":43,"date":"2024-01-27T15:14:02","date_gmt":"2024-01-27T18:14:02","guid":{"rendered":"https:\/\/dinhosjardins.com.br\/?page_id=43"},"modified":"2026-04-10T16:00:35","modified_gmt":"2026-04-10T19:00:35","slug":"sobre","status":"publish","type":"page","link":"https:\/\/dinhosjardins.com.br\/en\/about\/","title":{"rendered":"About"},"content":{"rendered":"<div data-elementor-type=\"wp-page\" data-elementor-id=\"43\" class=\"elementor elementor-43\">\n\t\t\t\t<div class=\"elementor-element elementor-element-ed631ee e-con-full e-flex e-con e-parent\" data-id=\"ed631ee\" data-element_type=\"container\" data-settings=\"{&quot;content_width&quot;:&quot;full&quot;}\" data-core-v316-plus=\"true\">\n\t\t\t\t<div class=\"elementor-element elementor-element-78dce91 text-linhas elementor-widget elementor-widget-heading\" data-id=\"78dce91\" data-element_type=\"widget\" data-widget_type=\"heading.default\">\n\t\t\t\t<div class=\"elementor-widget-container\">\n\t\t\t<style>\/*! elementor - v3.19.0 - 07-02-2024 *\/\n.elementor-heading-title{padding:0;margin:0;line-height:1}.elementor-widget-heading .elementor-heading-title[class*=elementor-size-]>a{color:inherit;font-size:inherit;line-height:inherit}.elementor-widget-heading .elementor-heading-title.elementor-size-small{font-size:15px}.elementor-widget-heading .elementor-heading-title.elementor-size-medium{font-size:19px}.elementor-widget-heading .elementor-heading-title.elementor-size-large{font-size:29px}.elementor-widget-heading .elementor-heading-title.elementor-size-xl{font-size:39px}.elementor-widget-heading .elementor-heading-title.elementor-size-xxl{font-size:59px}<\/style><h2 class=\"elementor-heading-title elementor-size-default\">The Gardens Unit<\/h2>\t\t<\/div>\n\t\t\t\t<\/div>\n\t\t\t\t<div class=\"elementor-element elementor-element-c80ebb1 elementor-widget__width-initial elementor-widget elementor-widget-heading\" data-id=\"c80ebb1\" data-element_type=\"widget\" data-widget_type=\"heading.default\">\n\t\t\t\t<div class=\"elementor-widget-container\">\n\t\t\t<h2 class=\"elementor-heading-title elementor-size-default\">A refuge from the rush of S\u00e3o Paulo in the middle of Jardins<\/h2>\t\t<\/div>\n\t\t\t\t<\/div>\n\t\t\t\t<\/div>\n\t\t<div class=\"elementor-element elementor-element-1749253 e-flex e-con-boxed e-con e-parent\" data-id=\"1749253\" data-element_type=\"container\" data-settings=\"{&quot;background_background&quot;:&quot;classic&quot;,&quot;content_width&quot;:&quot;boxed&quot;}\" data-core-v316-plus=\"true\">\n\t\t\t\t\t<div class=\"e-con-inner\">\n\t\t<div class=\"elementor-element elementor-element-cb1f671 e-flex e-con-boxed e-con e-child\" data-id=\"cb1f671\" data-element_type=\"container\" data-settings=\"{&quot;background_background&quot;:&quot;classic&quot;,&quot;content_width&quot;:&quot;boxed&quot;}\">\n\t\t\t\t\t<div class=\"e-con-inner\">\n\t\t\t\t\t<\/div>\n\t\t\t\t<\/div>\n\t\t<div class=\"elementor-element elementor-element-fec9b24 e-con-full e-flex e-con e-child\" data-id=\"fec9b24\" data-element_type=\"container\" data-settings=\"{&quot;content_width&quot;:&quot;full&quot;}\">\n\t\t\t\t<div class=\"elementor-element elementor-element-28265c3 elementor-widget elementor-widget-heading\" data-id=\"28265c3\" data-element_type=\"widget\" data-widget_type=\"heading.default\">\n\t\t\t\t<div class=\"elementor-widget-container\">\n\t\t\t<h2 class=\"elementor-heading-title elementor-size-default\">Feijoada every day<\/h2>\t\t<\/div>\n\t\t\t\t<\/div>\n\t\t\t\t<div class=\"elementor-element elementor-element-105b838 elementor-widget__width-initial elementor-widget elementor-widget-text-editor\" data-id=\"105b838\" data-element_type=\"widget\" data-widget_type=\"text-editor.default\">\n\t\t\t\t<div class=\"elementor-widget-container\">\n\t\t\t<style>\/*! elementor - v3.19.0 - 07-02-2024 *\/\n.elementor-widget-text-editor.elementor-drop-cap-view-stacked .elementor-drop-cap{background-color:#69727d;color:#fff}.elementor-widget-text-editor.elementor-drop-cap-view-framed .elementor-drop-cap{color:#69727d;border:3px solid;background-color:transparent}.elementor-widget-text-editor:not(.elementor-drop-cap-view-default) .elementor-drop-cap{margin-top:8px}.elementor-widget-text-editor:not(.elementor-drop-cap-view-default) .elementor-drop-cap-letter{width:1em;height:1em}.elementor-widget-text-editor .elementor-drop-cap{float:left;text-align:center;line-height:1;font-size:50px}.elementor-widget-text-editor .elementor-drop-cap-letter{display:inline-block}<\/style>\t\t\t\t<p>Al\u00e9m do tradicional\u00a0 buffet de s\u00e1bado, nessa unidade voc\u00ea pode degustar a nossa premiada feijoada na cumbuca todos os dias da semana<span style=\"font-size: 0.8em; color: red;\">*<\/span>.<\/p><p><span style=\"font-size: 0.8em; color: red;\">*<\/span> <span style=\"font-size: 0.7em;\">(exceto aos s\u00e1bados, servida no buffet)<\/span><\/p>\t\t\t\t\t\t<\/div>\n\t\t\t\t<\/div>\n\t\t\t\t<\/div>\n\t\t\t\t\t<\/div>\n\t\t\t\t<\/div>\n\t\t<div class=\"elementor-element elementor-element-e2d4b1a e-flex e-con-boxed e-con e-parent\" data-id=\"e2d4b1a\" data-element_type=\"container\" data-settings=\"{&quot;background_background&quot;:&quot;classic&quot;,&quot;content_width&quot;:&quot;boxed&quot;}\" data-core-v316-plus=\"true\">\n\t\t\t\t\t<div class=\"e-con-inner\">\n\t\t<div class=\"elementor-element elementor-element-9168e1d e-flex e-con-boxed e-con e-child\" data-id=\"9168e1d\" data-element_type=\"container\" data-settings=\"{&quot;background_background&quot;:&quot;classic&quot;,&quot;content_width&quot;:&quot;boxed&quot;}\">\n\t\t\t\t\t<div class=\"e-con-inner\">\n\t\t\t\t\t<\/div>\n\t\t\t\t<\/div>\n\t\t<div class=\"elementor-element elementor-element-74e38e0 e-con-full e-flex e-con e-child\" data-id=\"74e38e0\" data-element_type=\"container\" data-settings=\"{&quot;content_width&quot;:&quot;full&quot;}\">\n\t\t\t\t<div class=\"elementor-element elementor-element-a390b08 elementor-widget elementor-widget-heading\" data-id=\"a390b08\" data-element_type=\"widget\" data-widget_type=\"heading.default\">\n\t\t\t\t<div class=\"elementor-widget-container\">\n\t\t\t<h2 class=\"elementor-heading-title elementor-size-default\">Closed menu<\/h2>\t\t<\/div>\n\t\t\t\t<\/div>\n\t\t\t\t<div class=\"elementor-element elementor-element-2f090df elementor-widget__width-initial elementor-widget elementor-widget-text-editor\" data-id=\"2f090df\" data-element_type=\"widget\" data-widget_type=\"text-editor.default\">\n\t\t\t\t<div class=\"elementor-widget-container\">\n\t\t\t\t\t\t\t<p>Almo\u00e7o executivo no Dinho&#8217;s Jardins. A Reuni\u00e3o mais gostosa da cidade.<\/p>\t\t\t\t\t\t<\/div>\n\t\t\t\t<\/div>\n\t\t\t\t<\/div>\n\t\t\t\t\t<\/div>\n\t\t\t\t<\/div>\n\t\t\t\t<\/div>","protected":false},"excerpt":{"rendered":"<p>A Unidade jardins Um ref\u00fagio da correria de S\u00e3o Paulo no meio do Jardins Feijoada todos os dias Al\u00e9m do tradicional\u00a0 buffet de s\u00e1bado, nessa unidade voc\u00ea pode degustar a nossa premiada feijoada na cumbuca todos os dias da semana*. * (exceto aos s\u00e1bados, servida no buffet) Menu executivo Almo\u00e7o executivo no Dinho&#8217;s Jardins. A [&hellip;]<\/p>","protected":false},"author":1,"featured_media":0,"parent":0,"menu_order":0,"comment_status":"closed","ping_status":"closed","template":"elementor_canvas","meta":{"inline_featured_image":false,"footnotes":""},"class_list":["post-43","page","type-page","status-publish","hentry"],"acf":[],"yoast_head":"<!-- This site is optimized with the Yoast SEO plugin v23.8 - https:\/\/yoast.com\/wordpress\/plugins\/seo\/ -->\n<title>Sobre - Dinhos Jardins<\/title>\n<meta name=\"description\" content=\"Nas 6 d\u00e9cadas de hist\u00f3ria, cada descoberta e aprendizado no preparo das melhores carnes contribuiu para tornar o Dinho&#039;s em refer\u00eancia da gastronomia de grelha.\" \/>\n<meta name=\"robots\" content=\"index, follow, max-snippet:-1, max-image-preview:large, max-video-preview:-1\" \/>\n<link rel=\"canonical\" href=\"https:\/\/dinhosjardins.com.br\/en\/about\/\" \/>\n<meta property=\"og:locale\" content=\"en_GB\" \/>\n<meta property=\"og:type\" content=\"article\" \/>\n<meta property=\"og:title\" content=\"Sobre - Dinhos Jardins\" \/>\n<meta property=\"og:description\" content=\"Nas 6 d\u00e9cadas de hist\u00f3ria, cada descoberta e aprendizado no preparo das melhores carnes contribuiu para tornar o Dinho&#039;s em refer\u00eancia da gastronomia de grelha.\" \/>\n<meta property=\"og:url\" content=\"https:\/\/dinhosjardins.com.br\/en\/about\/\" \/>\n<meta property=\"og:site_name\" content=\"Dinhos Jardins\" \/>\n<meta property=\"article:publisher\" content=\"https:\/\/www.facebook.com\/restaurantedinhos\/\" \/>\n<meta property=\"article:modified_time\" content=\"2026-04-10T19:00:35+00:00\" \/>\n<meta name=\"twitter:card\" content=\"summary_large_image\" \/>\n<meta name=\"twitter:label1\" content=\"Est. reading time\" \/>\n\t<meta name=\"twitter:data1\" content=\"1 minute\" \/>\n<script type=\"application\/ld+json\" class=\"yoast-schema-graph\">{\"@context\":\"https:\/\/schema.org\",\"@graph\":[{\"@type\":\"WebPage\",\"@id\":\"https:\/\/dinhosjardins.com.br\/sobre\/\",\"url\":\"https:\/\/dinhosjardins.com.br\/sobre\/\",\"name\":\"Sobre - Dinhos Jardins\",\"isPartOf\":{\"@id\":\"https:\/\/dinhosjardins.com.br\/#website\"},\"datePublished\":\"2024-01-27T18:14:02+00:00\",\"dateModified\":\"2026-04-10T19:00:35+00:00\",\"description\":\"Nas 6 d\u00e9cadas de hist\u00f3ria, cada descoberta e aprendizado no preparo das melhores carnes contribuiu para tornar o Dinho's em refer\u00eancia da gastronomia de grelha.\",\"breadcrumb\":{\"@id\":\"https:\/\/dinhosjardins.com.br\/sobre\/#breadcrumb\"},\"inLanguage\":\"en-GB\",\"potentialAction\":[{\"@type\":\"ReadAction\",\"target\":[\"https:\/\/dinhosjardins.com.br\/sobre\/\"]}]},{\"@type\":\"BreadcrumbList\",\"@id\":\"https:\/\/dinhosjardins.com.br\/sobre\/#breadcrumb\",\"itemListElement\":[{\"@type\":\"ListItem\",\"position\":1,\"name\":\"In\u00edcio\",\"item\":\"https:\/\/dinhosjardins.com.br\/\"},{\"@type\":\"ListItem\",\"position\":2,\"name\":\"Sobre\"}]},{\"@type\":\"WebSite\",\"@id\":\"https:\/\/dinhosjardins.com.br\/#website\",\"url\":\"https:\/\/dinhosjardins.com.br\/\",\"name\":\"Dinho's Jardins\",\"description\":\"\",\"publisher\":{\"@id\":\"https:\/\/dinhosjardins.com.br\/#organization\"},\"potentialAction\":[{\"@type\":\"SearchAction\",\"target\":{\"@type\":\"EntryPoint\",\"urlTemplate\":\"https:\/\/dinhosjardins.com.br\/?s={search_term_string}\"},\"query-input\":{\"@type\":\"PropertyValueSpecification\",\"valueRequired\":true,\"valueName\":\"search_term_string\"}}],\"inLanguage\":\"en-GB\"},{\"@type\":\"Organization\",\"@id\":\"https:\/\/dinhosjardins.com.br\/#organization\",\"name\":\"Dinho's Jardins\",\"url\":\"https:\/\/dinhosjardins.com.br\/\",\"logo\":{\"@type\":\"ImageObject\",\"inLanguage\":\"en-GB\",\"@id\":\"https:\/\/dinhosjardins.com.br\/#\/schema\/logo\/image\/\",\"url\":\"https:\/\/dinhosjardins.com.br\/wp-content\/uploads\/2024\/11\/cropped-logotipo-dinhos-jardins.png\",\"contentUrl\":\"https:\/\/dinhosjardins.com.br\/wp-content\/uploads\/2024\/11\/cropped-logotipo-dinhos-jardins.png\",\"width\":512,\"height\":512,\"caption\":\"Dinho's Jardins\"},\"image\":{\"@id\":\"https:\/\/dinhosjardins.com.br\/#\/schema\/logo\/image\/\"},\"sameAs\":[\"https:\/\/www.facebook.com\/restaurantedinhos\/\",\"https:\/\/www.instagram.com\/restaurantedinhos\"]}]}<\/script>\n<!-- \/ Yoast SEO plugin. -->","yoast_head_json":{"title":"Sobre - Dinhos Jardins","description":"Nas 6 d\u00e9cadas de hist\u00f3ria, cada descoberta e aprendizado no preparo das melhores carnes contribuiu para tornar o Dinho's em refer\u00eancia da gastronomia de grelha.","robots":{"index":"index","follow":"follow","max-snippet":"max-snippet:-1","max-image-preview":"max-image-preview:large","max-video-preview":"max-video-preview:-1"},"canonical":"https:\/\/dinhosjardins.com.br\/en\/about\/","og_locale":"en_GB","og_type":"article","og_title":"Sobre - Dinhos Jardins","og_description":"Nas 6 d\u00e9cadas de hist\u00f3ria, cada descoberta e aprendizado no preparo das melhores carnes contribuiu para tornar o Dinho's em refer\u00eancia da gastronomia de grelha.","og_url":"https:\/\/dinhosjardins.com.br\/en\/about\/","og_site_name":"Dinhos Jardins","article_publisher":"https:\/\/www.facebook.com\/restaurantedinhos\/","article_modified_time":"2026-04-10T19:00:35+00:00","twitter_card":"summary_large_image","twitter_misc":{"Est. reading time":"1 minute"},"schema":{"@context":"https:\/\/schema.org","@graph":[{"@type":"WebPage","@id":"https:\/\/dinhosjardins.com.br\/sobre\/","url":"https:\/\/dinhosjardins.com.br\/sobre\/","name":"Sobre - Dinhos Jardins","isPartOf":{"@id":"https:\/\/dinhosjardins.com.br\/#website"},"datePublished":"2024-01-27T18:14:02+00:00","dateModified":"2026-04-10T19:00:35+00:00","description":"Nas 6 d\u00e9cadas de hist\u00f3ria, cada descoberta e aprendizado no preparo das melhores carnes contribuiu para tornar o Dinho's em refer\u00eancia da gastronomia de grelha.","breadcrumb":{"@id":"https:\/\/dinhosjardins.com.br\/sobre\/#breadcrumb"},"inLanguage":"en-GB","potentialAction":[{"@type":"ReadAction","target":["https:\/\/dinhosjardins.com.br\/sobre\/"]}]},{"@type":"BreadcrumbList","@id":"https:\/\/dinhosjardins.com.br\/sobre\/#breadcrumb","itemListElement":[{"@type":"ListItem","position":1,"name":"In\u00edcio","item":"https:\/\/dinhosjardins.com.br\/"},{"@type":"ListItem","position":2,"name":"Sobre"}]},{"@type":"WebSite","@id":"https:\/\/dinhosjardins.com.br\/#website","url":"https:\/\/dinhosjardins.com.br\/","name":"Dinho's Jardins","description":"","publisher":{"@id":"https:\/\/dinhosjardins.com.br\/#organization"},"potentialAction":[{"@type":"SearchAction","target":{"@type":"EntryPoint","urlTemplate":"https:\/\/dinhosjardins.com.br\/?s={search_term_string}"},"query-input":{"@type":"PropertyValueSpecification","valueRequired":true,"valueName":"search_term_string"}}],"inLanguage":"en-GB"},{"@type":"Organization","@id":"https:\/\/dinhosjardins.com.br\/#organization","name":"Dinho's Jardins","url":"https:\/\/dinhosjardins.com.br\/","logo":{"@type":"ImageObject","inLanguage":"en-GB","@id":"https:\/\/dinhosjardins.com.br\/#\/schema\/logo\/image\/","url":"https:\/\/dinhosjardins.com.br\/wp-content\/uploads\/2024\/11\/cropped-logotipo-dinhos-jardins.png","contentUrl":"https:\/\/dinhosjardins.com.br\/wp-content\/uploads\/2024\/11\/cropped-logotipo-dinhos-jardins.png","width":512,"height":512,"caption":"Dinho's Jardins"},"image":{"@id":"https:\/\/dinhosjardins.com.br\/#\/schema\/logo\/image\/"},"sameAs":["https:\/\/www.facebook.com\/restaurantedinhos\/","https:\/\/www.instagram.com\/restaurantedinhos"]}]}},"_links":{"self":[{"href":"https:\/\/dinhosjardins.com.br\/en\/wp-json\/wp\/v2\/pages\/43","targetHints":{"allow":["GET"]}}],"collection":[{"href":"https:\/\/dinhosjardins.com.br\/en\/wp-json\/wp\/v2\/pages"}],"about":[{"href":"https:\/\/dinhosjardins.com.br\/en\/wp-json\/wp\/v2\/types\/page"}],"author":[{"embeddable":true,"href":"https:\/\/dinhosjardins.com.br\/en\/wp-json\/wp\/v2\/users\/1"}],"replies":[{"embeddable":true,"href":"https:\/\/dinhosjardins.com.br\/en\/wp-json\/wp\/v2\/comments?post=43"}],"version-history":[{"count":79,"href":"https:\/\/dinhosjardins.com.br\/en\/wp-json\/wp\/v2\/pages\/43\/revisions"}],"predecessor-version":[{"id":3716,"href":"https:\/\/dinhosjardins.com.br\/en\/wp-json\/wp\/v2\/pages\/43\/revisions\/3716"}],"wp:attachment":[{"href":"https:\/\/dinhosjardins.com.br\/en\/wp-json\/wp\/v2\/media?parent=43"}],"curies":[{"name":"wp","href":"https:\/\/api.w.org\/{rel}","templated":true}]}}