{"id":50,"date":"2024-01-27T15:15:39","date_gmt":"2024-01-27T18:15:39","guid":{"rendered":"https:\/\/dinhosjardins.com.br\/?page_id=50"},"modified":"2026-01-21T11:41:13","modified_gmt":"2026-01-21T14:41:13","slug":"reservas","status":"publish","type":"page","link":"https:\/\/dinhosjardins.com.br\/en\/reservations\/","title":{"rendered":"Reservations"},"content":{"rendered":"<div data-elementor-type=\"wp-page\" data-elementor-id=\"50\" class=\"elementor elementor-50\">\n\t\t\t\t<div class=\"elementor-element elementor-element-054ea28 e-flex e-con-boxed e-con e-parent\" data-id=\"054ea28\" data-element_type=\"container\" data-settings=\"{&quot;content_width&quot;:&quot;boxed&quot;}\" data-core-v316-plus=\"true\">\n\t\t\t\t\t<div class=\"e-con-inner\">\n\t\t<div class=\"elementor-element elementor-element-55f532b e-con-full e-flex e-con e-child\" data-id=\"55f532b\" data-element_type=\"container\" data-settings=\"{&quot;content_width&quot;:&quot;full&quot;}\">\n\t\t\t\t<div class=\"elementor-element elementor-element-4071ee2 elementor-widget elementor-widget-heading\" data-id=\"4071ee2\" data-element_type=\"widget\" data-widget_type=\"heading.default\">\n\t\t\t\t<div class=\"elementor-widget-container\">\n\t\t\t<style>\/*! elementor - v3.19.0 - 07-02-2024 *\/\n.elementor-heading-title{padding:0;margin:0;line-height:1}.elementor-widget-heading .elementor-heading-title[class*=elementor-size-]>a{color:inherit;font-size:inherit;line-height:inherit}.elementor-widget-heading .elementor-heading-title.elementor-size-small{font-size:15px}.elementor-widget-heading .elementor-heading-title.elementor-size-medium{font-size:19px}.elementor-widget-heading .elementor-heading-title.elementor-size-large{font-size:29px}.elementor-widget-heading .elementor-heading-title.elementor-size-xl{font-size:39px}.elementor-widget-heading .elementor-heading-title.elementor-size-xxl{font-size:59px}<\/style><h2 class=\"elementor-heading-title elementor-size-default\">Make your reservation<\/h2>\t\t<\/div>\n\t\t\t\t<\/div>\n\t\t\t\t<div class=\"elementor-element elementor-element-fe2419d elementor-widget elementor-widget-text-editor\" data-id=\"fe2419d\" data-element_type=\"widget\" data-widget_type=\"text-editor.default\">\n\t\t\t\t<div class=\"elementor-widget-container\">\n\t\t\t<style>\/*! elementor - v3.19.0 - 07-02-2024 *\/\n.elementor-widget-text-editor.elementor-drop-cap-view-stacked .elementor-drop-cap{background-color:#69727d;color:#fff}.elementor-widget-text-editor.elementor-drop-cap-view-framed .elementor-drop-cap{color:#69727d;border:3px solid;background-color:transparent}.elementor-widget-text-editor:not(.elementor-drop-cap-view-default) .elementor-drop-cap{margin-top:8px}.elementor-widget-text-editor:not(.elementor-drop-cap-view-default) .elementor-drop-cap-letter{width:1em;height:1em}.elementor-widget-text-editor .elementor-drop-cap{float:left;text-align:center;line-height:1;font-size:50px}.elementor-widget-text-editor .elementor-drop-cap-letter{display:inline-block}<\/style>\t\t\t\t<p>The experience at Dinho\u2019s is worth writing about, but our private dinner is something entirely different. Just you, your favorite people and the best cuts, in a closed restaurant exclusively for you and your guests<span style=\"font-size: 0.8em; color: red;\">*<\/span>.<\/p><p>Come celebrate special occasions or close deals, and leave the rest to us.<\/p><p><span style=\"font-size: 0.8em; color: red;\">*<\/span> <span style=\"font-size: 0.7em;\">(minimum 20 people, dinner)<\/span><\/p>\t\t\t\t\t\t<\/div>\n\t\t\t\t<\/div>\n\t\t\t\t<\/div>\n\t\t<div class=\"elementor-element elementor-element-c0f9caf e-con-full e-flex e-con e-child\" data-id=\"c0f9caf\" data-element_type=\"container\" data-settings=\"{&quot;content_width&quot;:&quot;full&quot;}\">\n\t\t\t\t<div class=\"elementor-element elementor-element-f33d459 eventos-contato elementor-icon-list--layout-traditional elementor-list-item-link-full_width elementor-widget elementor-widget-icon-list\" data-id=\"f33d459\" data-element_type=\"widget\" data-widget_type=\"icon-list.default\">\n\t\t\t\t<div class=\"elementor-widget-container\">\n\t\t\t<link rel=\"stylesheet\" href=\"https:\/\/dinhosjardins.com.br\/wp-content\/uploads\/elementor\/css\/custom-widget-icon-list.min.css?ver=1732367316\">\t\t<ul class=\"elementor-icon-list-items\">\n\t\t\t\t\t\t\t<li class=\"elementor-icon-list-item\">\n\t\t\t\t\t\t\t\t\t\t\t<a href=\"https:\/\/na01.safelinks.protection.outlook.com\/?url=https%3A%2F%2Freservation-widget.tagme.com.br%2Freservation%2Fschedule%2F6297c36aa3fa6f00114ceb03%2FreservationWidget&#038;data=05%7C02%7C%7Cdd7df5ca02e54e4e914808dcf90c6b11%7C84df9e7fe9f640afb435aaaaaaaaaaaa%7C1%7C0%7C638659078970443666%7CUnknown%7CTWFpbGZsb3d8eyJWIjoiMC4wLjAwMDAiLCJQIjoiV2luMzIiLCJBTiI6Ik1haWwiLCJXVCI6Mn0%3D%7C0%7C%7C%7C&#038;sdata=uSAFbQWioGqMRPwepOW9T%2B4rO7g7QRKiKTvGR8pqYa0%3D&#038;reserved=0\" target=\"_blank\">\n\n\t\t\t\t\t\t\t\t\t\t\t\t<span class=\"elementor-icon-list-icon\">\n\t\t\t\t\t\t\t<svg aria-hidden=\"true\" class=\"e-font-icon-svg e-far-calendar-alt\" viewbox=\"0 0 448 512\" xmlns=\"http:\/\/www.w3.org\/2000\/svg\"><path d=\"M148 288h-40c-6.6 0-12-5.4-12-12v-40c0-6.6 5.4-12 12-12h40c6.6 0 12 5.4 12 12v40c0 6.6-5.4 12-12 12zm108-12v-40c0-6.6-5.4-12-12-12h-40c-6.6 0-12 5.4-12 12v40c0 6.6 5.4 12 12 12h40c6.6 0 12-5.4 12-12zm96 0v-40c0-6.6-5.4-12-12-12h-40c-6.6 0-12 5.4-12 12v40c0 6.6 5.4 12 12 12h40c6.6 0 12-5.4 12-12zm-96 96v-40c0-6.6-5.4-12-12-12h-40c-6.6 0-12 5.4-12 12v40c0 6.6 5.4 12 12 12h40c6.6 0 12-5.4 12-12zm-96 0v-40c0-6.6-5.4-12-12-12h-40c-6.6 0-12 5.4-12 12v40c0 6.6 5.4 12 12 12h40c6.6 0 12-5.4 12-12zm192 0v-40c0-6.6-5.4-12-12-12h-40c-6.6 0-12 5.4-12 12v40c0 6.6 5.4 12 12 12h40c6.6 0 12-5.4 12-12zm96-260v352c0 26.5-21.5 48-48 48H48c-26.5 0-48-21.5-48-48V112c0-26.5 21.5-48 48-48h48V12c0-6.6 5.4-12 12-12h40c6.6 0 12 5.4 12 12v52h128V12c0-6.6 5.4-12 12-12h40c6.6 0 12 5.4 12 12v52h48c26.5 0 48 21.5 48 48zm-48 346V160H48v298c0 3.3 2.7 6 6 6h340c3.3 0 6-2.7 6-6z\"><\/path><\/svg>\t\t\t\t\t\t<\/span>\n\t\t\t\t\t\t\t\t\t\t<span class=\"elementor-icon-list-text\">Make a reservation<\/span>\n\t\t\t\t\t\t\t\t\t\t\t<\/a>\n\t\t\t\t\t\t\t\t\t<\/li>\n\t\t\t\t\t\t\t\t<li class=\"elementor-icon-list-item\">\n\t\t\t\t\t\t\t\t\t\t\t<a href=\"tel:1130165333\" target=\"_blank\">\n\n\t\t\t\t\t\t\t\t\t\t\t\t<span class=\"elementor-icon-list-icon\">\n\t\t\t\t\t\t\t<svg aria-hidden=\"true\" class=\"e-font-icon-svg e-fas-phone-alt\" viewbox=\"0 0 512 512\" xmlns=\"http:\/\/www.w3.org\/2000\/svg\"><path d=\"M497.39 361.8l-112-48a24 24 0 0 0-28 6.9l-49.6 60.6A370.66 370.66 0 0 1 130.6 204.11l60.6-49.6a23.94 23.94 0 0 0 6.9-28l-48-112A24.16 24.16 0 0 0 122.6.61l-104 24A24 24 0 0 0 0 48c0 256.5 207.9 464 464 464a24 24 0 0 0 23.4-18.6l24-104a24.29 24.29 0 0 0-14.01-27.6z\"><\/path><\/svg>\t\t\t\t\t\t<\/span>\n\t\t\t\t\t\t\t\t\t\t<span class=\"elementor-icon-list-text\">+55 (11) 3016-5333<\/span>\n\t\t\t\t\t\t\t\t\t\t\t<\/a>\n\t\t\t\t\t\t\t\t\t<\/li>\n\t\t\t\t\t\t\t\t<li class=\"elementor-icon-list-item\">\n\t\t\t\t\t\t\t\t\t\t\t<a href=\"https:\/\/api.whatsapp.com\/send\/?phone=5511915205468\" target=\"_blank\">\n\n\t\t\t\t\t\t\t\t\t\t\t\t<span class=\"elementor-icon-list-icon\">\n\t\t\t\t\t\t\t<svg aria-hidden=\"true\" class=\"e-font-icon-svg e-fab-whatsapp\" viewbox=\"0 0 448 512\" xmlns=\"http:\/\/www.w3.org\/2000\/svg\"><path d=\"M380.9 97.1C339 55.1 283.2 32 223.9 32c-122.4 0-222 99.6-222 222 0 39.1 10.2 77.3 29.6 111L0 480l117.7-30.9c32.4 17.7 68.9 27 106.1 27h.1c122.3 0 224.1-99.6 224.1-222 0-59.3-25.2-115-67.1-157zm-157 341.6c-33.2 0-65.7-8.9-94-25.7l-6.7-4-69.8 18.3L72 359.2l-4.4-7c-18.5-29.4-28.2-63.3-28.2-98.2 0-101.7 82.8-184.5 184.6-184.5 49.3 0 95.6 19.2 130.4 54.1 34.8 34.9 56.2 81.2 56.1 130.5 0 101.8-84.9 184.6-186.6 184.6zm101.2-138.2c-5.5-2.8-32.8-16.2-37.9-18-5.1-1.9-8.8-2.8-12.5 2.8-3.7 5.6-14.3 18-17.6 21.8-3.2 3.7-6.5 4.2-12 1.4-32.6-16.3-54-29.1-75.5-66-5.7-9.8 5.7-9.1 16.3-30.3 1.8-3.7.9-6.9-.5-9.7-1.4-2.8-12.5-30.1-17.1-41.2-4.5-10.8-9.1-9.3-12.5-9.5-3.2-.2-6.9-.2-10.6-.2-3.7 0-9.7 1.4-14.8 6.9-5.1 5.6-19.4 19-19.4 46.3 0 27.3 19.9 53.7 22.6 57.4 2.8 3.7 39.1 59.7 94.8 83.8 35.2 15.2 49 16.5 66.6 13.9 10.7-1.6 32.8-13.4 37.4-26.4 4.6-13 4.6-24.1 3.2-26.4-1.3-2.5-5-3.9-10.5-6.6z\"><\/path><\/svg>\t\t\t\t\t\t<\/span>\n\t\t\t\t\t\t\t\t\t\t<span class=\"elementor-icon-list-text\">+55 (11) 91520-5468<\/span>\n\t\t\t\t\t\t\t\t\t\t\t<\/a>\n\t\t\t\t\t\t\t\t\t<\/li>\n\t\t\t\t\t\t\t\t<li class=\"elementor-icon-list-item\">\n\t\t\t\t\t\t\t\t\t\t\t<a href=\"https:\/\/maps.app.goo.gl\/qHj5WWC6MC4Xa1eR8\" target=\"_blank\">\n\n\t\t\t\t\t\t\t\t\t\t\t\t<span class=\"elementor-icon-list-icon\">\n\t\t\t\t\t\t\t<svg aria-hidden=\"true\" class=\"e-font-icon-svg e-fas-map-marker-alt\" viewbox=\"0 0 384 512\" xmlns=\"http:\/\/www.w3.org\/2000\/svg\"><path d=\"M172.268 501.67C26.97 291.031 0 269.413 0 192 0 85.961 85.961 0 192 0s192 85.961 192 192c0 77.413-26.97 99.031-172.268 309.67-9.535 13.774-29.93 13.773-39.464 0zM192 272c44.183 0 80-35.817 80-80s-35.817-80-80-80-80 35.817-80 80 35.817 80 80 80z\"><\/path><\/svg>\t\t\t\t\t\t<\/span>\n\t\t\t\t\t\t\t\t\t\t<span class=\"elementor-icon-list-text\">Professor Azevedo Amaral, 70 - Jardins<\/span>\n\t\t\t\t\t\t\t\t\t\t\t<\/a>\n\t\t\t\t\t\t\t\t\t<\/li>\n\t\t\t\t\t\t<\/ul>\n\t\t\t\t<\/div>\n\t\t\t\t<\/div>\n\t\t\t\t<\/div>\n\t\t\t\t\t<\/div>\n\t\t\t\t<\/div>\n\t\t<div class=\"elementor-element elementor-element-b1d7dfb e-con-full e-flex e-con e-parent\" data-id=\"b1d7dfb\" data-element_type=\"container\" data-settings=\"{&quot;content_width&quot;:&quot;full&quot;}\" data-core-v316-plus=\"true\">\n\t\t\t\t<div class=\"elementor-element elementor-element-42ff46a elementor-widget elementor-widget-google_maps\" data-id=\"42ff46a\" data-element_type=\"widget\" data-widget_type=\"google_maps.default\">\n\t\t\t\t<div class=\"elementor-widget-container\">\n\t\t\t<style>\/*! elementor - v3.19.0 - 07-02-2024 *\/\n.elementor-widget-google_maps .elementor-widget-container{overflow:hidden}.elementor-widget-google_maps .elementor-custom-embed{line-height:0}.elementor-widget-google_maps iframe{height:300px}<\/style>\t\t<div class=\"elementor-custom-embed\">\n\t\t\t<iframe loading=\"lazy\"\n\t\t\t\t\tsrc=\"https:\/\/maps.google.com\/maps?q=Rua%20Professor%20Azevedo%20Amaral%2C%2070%20-%20Jardins%20-%20S%C3%A3o%20Paulo&#038;t=m&#038;z=16&#038;output=embed&#038;iwloc=near\"\n\t\t\t\t\ttitle=\"Rua Professor Azevedo Amaral, 70 - Jardins - S\u00e3o Paulo\"\n\t\t\t\t\taria-label=\"Rua Professor Azevedo Amaral, 70 - Jardins - S\u00e3o Paulo\"\n\t\t\t><\/iframe>\n\t\t<\/div>\n\t\t\t\t<\/div>\n\t\t\t\t<\/div>\n\t\t\t\t<\/div>\n\t\t\t\t<\/div>","protected":false},"excerpt":{"rendered":"<p>Fa\u00e7a sua reserva Vale a pena escrever sobre a experi\u00eancia no Dinho&#8217;s, mas nosso jantar privado \u00e9 algo totalmente diferente. Somente voc\u00ea, suas pessoas favoritas e os melhores cortes, em um restaurante fechado exclusivamente para voc\u00ea e seus convidados*. Venha celebrar ocasi\u00f5es especiais ou fechar neg\u00f3cios, e deixe o restante conosco. * (m\u00ednimo. 20 pessoas, [&hellip;]<\/p>","protected":false},"author":1,"featured_media":0,"parent":0,"menu_order":0,"comment_status":"closed","ping_status":"closed","template":"elementor_canvas","meta":{"inline_featured_image":false,"footnotes":""},"class_list":["post-50","page","type-page","status-publish","hentry"],"acf":[],"yoast_head":"<!-- This site is optimized with the Yoast SEO plugin v23.8 - https:\/\/yoast.com\/wordpress\/plugins\/seo\/ -->\n<title>Reservas - Dinhos Jardins<\/title>\n<meta name=\"robots\" content=\"index, follow, max-snippet:-1, max-image-preview:large, max-video-preview:-1\" \/>\n<link rel=\"canonical\" href=\"https:\/\/dinhosjardins.com.br\/en\/reservations\/\" \/>\n<meta property=\"og:locale\" content=\"en_GB\" \/>\n<meta property=\"og:type\" content=\"article\" \/>\n<meta property=\"og:title\" content=\"Reservas - Dinhos Jardins\" \/>\n<meta property=\"og:description\" content=\"Fa\u00e7a sua reserva Vale a pena escrever sobre a experi\u00eancia no Dinho&#8217;s, mas nosso jantar privado \u00e9 algo totalmente diferente. Somente voc\u00ea, suas pessoas favoritas e os melhores cortes, em um restaurante fechado exclusivamente para voc\u00ea e seus convidados*. Venha celebrar ocasi\u00f5es especiais ou fechar neg\u00f3cios, e deixe o restante conosco. * (m\u00ednimo. 20 pessoas, [&hellip;]\" \/>\n<meta property=\"og:url\" content=\"https:\/\/dinhosjardins.com.br\/en\/reservations\/\" \/>\n<meta property=\"og:site_name\" content=\"Dinhos Jardins\" \/>\n<meta property=\"article:publisher\" content=\"https:\/\/www.facebook.com\/restaurantedinhos\/\" \/>\n<meta property=\"article:modified_time\" content=\"2026-01-21T14:41:13+00:00\" \/>\n<meta name=\"twitter:card\" content=\"summary_large_image\" \/>\n<meta name=\"twitter:label1\" content=\"Est. reading time\" \/>\n\t<meta name=\"twitter:data1\" content=\"1 minute\" \/>\n<script type=\"application\/ld+json\" class=\"yoast-schema-graph\">{\"@context\":\"https:\/\/schema.org\",\"@graph\":[{\"@type\":\"WebPage\",\"@id\":\"https:\/\/dinhosjardins.com.br\/reservas\/\",\"url\":\"https:\/\/dinhosjardins.com.br\/reservas\/\",\"name\":\"Reservas - Dinhos Jardins\",\"isPartOf\":{\"@id\":\"https:\/\/dinhosjardins.com.br\/#website\"},\"datePublished\":\"2024-01-27T18:15:39+00:00\",\"dateModified\":\"2026-01-21T14:41:13+00:00\",\"breadcrumb\":{\"@id\":\"https:\/\/dinhosjardins.com.br\/reservas\/#breadcrumb\"},\"inLanguage\":\"en-GB\",\"potentialAction\":[{\"@type\":\"ReadAction\",\"target\":[\"https:\/\/dinhosjardins.com.br\/reservas\/\"]}]},{\"@type\":\"BreadcrumbList\",\"@id\":\"https:\/\/dinhosjardins.com.br\/reservas\/#breadcrumb\",\"itemListElement\":[{\"@type\":\"ListItem\",\"position\":1,\"name\":\"In\u00edcio\",\"item\":\"https:\/\/dinhosjardins.com.br\/\"},{\"@type\":\"ListItem\",\"position\":2,\"name\":\"Reservas\"}]},{\"@type\":\"WebSite\",\"@id\":\"https:\/\/dinhosjardins.com.br\/#website\",\"url\":\"https:\/\/dinhosjardins.com.br\/\",\"name\":\"Dinho's Jardins\",\"description\":\"\",\"publisher\":{\"@id\":\"https:\/\/dinhosjardins.com.br\/#organization\"},\"potentialAction\":[{\"@type\":\"SearchAction\",\"target\":{\"@type\":\"EntryPoint\",\"urlTemplate\":\"https:\/\/dinhosjardins.com.br\/?s={search_term_string}\"},\"query-input\":{\"@type\":\"PropertyValueSpecification\",\"valueRequired\":true,\"valueName\":\"search_term_string\"}}],\"inLanguage\":\"en-GB\"},{\"@type\":\"Organization\",\"@id\":\"https:\/\/dinhosjardins.com.br\/#organization\",\"name\":\"Dinho's Jardins\",\"url\":\"https:\/\/dinhosjardins.com.br\/\",\"logo\":{\"@type\":\"ImageObject\",\"inLanguage\":\"en-GB\",\"@id\":\"https:\/\/dinhosjardins.com.br\/#\/schema\/logo\/image\/\",\"url\":\"https:\/\/dinhosjardins.com.br\/wp-content\/uploads\/2024\/11\/cropped-logotipo-dinhos-jardins.png\",\"contentUrl\":\"https:\/\/dinhosjardins.com.br\/wp-content\/uploads\/2024\/11\/cropped-logotipo-dinhos-jardins.png\",\"width\":512,\"height\":512,\"caption\":\"Dinho's Jardins\"},\"image\":{\"@id\":\"https:\/\/dinhosjardins.com.br\/#\/schema\/logo\/image\/\"},\"sameAs\":[\"https:\/\/www.facebook.com\/restaurantedinhos\/\",\"https:\/\/www.instagram.com\/restaurantedinhos\"]}]}<\/script>\n<!-- \/ Yoast SEO plugin. -->","yoast_head_json":{"title":"Reservas - Dinhos Jardins","robots":{"index":"index","follow":"follow","max-snippet":"max-snippet:-1","max-image-preview":"max-image-preview:large","max-video-preview":"max-video-preview:-1"},"canonical":"https:\/\/dinhosjardins.com.br\/en\/reservations\/","og_locale":"en_GB","og_type":"article","og_title":"Reservas - Dinhos Jardins","og_description":"Fa\u00e7a sua reserva Vale a pena escrever sobre a experi\u00eancia no Dinho&#8217;s, mas nosso jantar privado \u00e9 algo totalmente diferente. Somente voc\u00ea, suas pessoas favoritas e os melhores cortes, em um restaurante fechado exclusivamente para voc\u00ea e seus convidados*. Venha celebrar ocasi\u00f5es especiais ou fechar neg\u00f3cios, e deixe o restante conosco. * (m\u00ednimo. 20 pessoas, [&hellip;]","og_url":"https:\/\/dinhosjardins.com.br\/en\/reservations\/","og_site_name":"Dinhos Jardins","article_publisher":"https:\/\/www.facebook.com\/restaurantedinhos\/","article_modified_time":"2026-01-21T14:41:13+00:00","twitter_card":"summary_large_image","twitter_misc":{"Est. reading time":"1 minute"},"schema":{"@context":"https:\/\/schema.org","@graph":[{"@type":"WebPage","@id":"https:\/\/dinhosjardins.com.br\/reservas\/","url":"https:\/\/dinhosjardins.com.br\/reservas\/","name":"Reservas - Dinhos Jardins","isPartOf":{"@id":"https:\/\/dinhosjardins.com.br\/#website"},"datePublished":"2024-01-27T18:15:39+00:00","dateModified":"2026-01-21T14:41:13+00:00","breadcrumb":{"@id":"https:\/\/dinhosjardins.com.br\/reservas\/#breadcrumb"},"inLanguage":"en-GB","potentialAction":[{"@type":"ReadAction","target":["https:\/\/dinhosjardins.com.br\/reservas\/"]}]},{"@type":"BreadcrumbList","@id":"https:\/\/dinhosjardins.com.br\/reservas\/#breadcrumb","itemListElement":[{"@type":"ListItem","position":1,"name":"In\u00edcio","item":"https:\/\/dinhosjardins.com.br\/"},{"@type":"ListItem","position":2,"name":"Reservas"}]},{"@type":"WebSite","@id":"https:\/\/dinhosjardins.com.br\/#website","url":"https:\/\/dinhosjardins.com.br\/","name":"Dinho's Jardins","description":"","publisher":{"@id":"https:\/\/dinhosjardins.com.br\/#organization"},"potentialAction":[{"@type":"SearchAction","target":{"@type":"EntryPoint","urlTemplate":"https:\/\/dinhosjardins.com.br\/?s={search_term_string}"},"query-input":{"@type":"PropertyValueSpecification","valueRequired":true,"valueName":"search_term_string"}}],"inLanguage":"en-GB"},{"@type":"Organization","@id":"https:\/\/dinhosjardins.com.br\/#organization","name":"Dinho's Jardins","url":"https:\/\/dinhosjardins.com.br\/","logo":{"@type":"ImageObject","inLanguage":"en-GB","@id":"https:\/\/dinhosjardins.com.br\/#\/schema\/logo\/image\/","url":"https:\/\/dinhosjardins.com.br\/wp-content\/uploads\/2024\/11\/cropped-logotipo-dinhos-jardins.png","contentUrl":"https:\/\/dinhosjardins.com.br\/wp-content\/uploads\/2024\/11\/cropped-logotipo-dinhos-jardins.png","width":512,"height":512,"caption":"Dinho's Jardins"},"image":{"@id":"https:\/\/dinhosjardins.com.br\/#\/schema\/logo\/image\/"},"sameAs":["https:\/\/www.facebook.com\/restaurantedinhos\/","https:\/\/www.instagram.com\/restaurantedinhos"]}]}},"_links":{"self":[{"href":"https:\/\/dinhosjardins.com.br\/en\/wp-json\/wp\/v2\/pages\/50","targetHints":{"allow":["GET"]}}],"collection":[{"href":"https:\/\/dinhosjardins.com.br\/en\/wp-json\/wp\/v2\/pages"}],"about":[{"href":"https:\/\/dinhosjardins.com.br\/en\/wp-json\/wp\/v2\/types\/page"}],"author":[{"embeddable":true,"href":"https:\/\/dinhosjardins.com.br\/en\/wp-json\/wp\/v2\/users\/1"}],"replies":[{"embeddable":true,"href":"https:\/\/dinhosjardins.com.br\/en\/wp-json\/wp\/v2\/comments?post=50"}],"version-history":[{"count":54,"href":"https:\/\/dinhosjardins.com.br\/en\/wp-json\/wp\/v2\/pages\/50\/revisions"}],"predecessor-version":[{"id":3663,"href":"https:\/\/dinhosjardins.com.br\/en\/wp-json\/wp\/v2\/pages\/50\/revisions\/3663"}],"wp:attachment":[{"href":"https:\/\/dinhosjardins.com.br\/en\/wp-json\/wp\/v2\/media?parent=50"}],"curies":[{"name":"wp","href":"https:\/\/api.w.org\/{rel}","templated":true}]}}