{"id":52,"date":"2024-01-27T15:16:04","date_gmt":"2024-01-27T18:16:04","guid":{"rendered":"https:\/\/dinhosjardins.com.br\/?page_id=52"},"modified":"2024-07-01T11:13:52","modified_gmt":"2024-07-01T14:13:52","slug":"localizacao","status":"publish","type":"page","link":"https:\/\/dinhosjardins.com.br\/en\/location\/","title":{"rendered":"Location"},"content":{"rendered":"<div data-elementor-type=\"wp-page\" data-elementor-id=\"52\" class=\"elementor elementor-52\">\n\t\t\t\t<div class=\"elementor-element elementor-element-fb4b40d e-flex e-con-boxed e-con e-parent\" data-id=\"fb4b40d\" data-element_type=\"container\" data-settings=\"{&quot;background_background&quot;:&quot;classic&quot;,&quot;content_width&quot;:&quot;boxed&quot;}\" data-core-v316-plus=\"true\">\n\t\t\t\t\t<div class=\"e-con-inner\">\n\t\t\t\t<div class=\"elementor-element elementor-element-de3f3f4 elementor-invisible elementor-widget elementor-widget-page-title\" data-id=\"de3f3f4\" data-element_type=\"widget\" data-settings=\"{&quot;align&quot;:&quot;left&quot;,&quot;_animation&quot;:&quot;fadeInUp&quot;}\" data-widget_type=\"page-title.default\">\n\t\t\t\t<div class=\"elementor-widget-container\">\n\t\t\t\t\t\n\t\t<div class=\"hfe-page-title hfe-page-title-wrapper elementor-widget-heading\">\n\n\t\t\t\t\t\t\t\t\t\t\t<a href=\"https:\/\/dinhosjardins.com.br\/en\">\n\t\t\t\t\t\t<h2 class=\"elementor-heading-title elementor-size-default\">\n\t\t\t\t\t\t\t\t\n\t\t\t\tLocation  \n\t\t\t<\/h2> \n\t\t\t\t\t\t\t\t\t<\/a>\n\t\t\t\t\t<\/div>\n\t\t\t\t<\/div>\n\t\t\t\t<\/div>\n\t\t\t\t\t<\/div>\n\t\t\t\t<\/div>\n\t\t<div class=\"elementor-element elementor-element-2fb20a2 e-flex e-con-boxed e-con e-parent\" data-id=\"2fb20a2\" data-element_type=\"container\" data-settings=\"{&quot;content_width&quot;:&quot;boxed&quot;}\" data-core-v316-plus=\"true\">\n\t\t\t\t\t<div class=\"e-con-inner\">\n\t\t<div class=\"elementor-element elementor-element-076dfe5 e-flex e-con-boxed elementor-invisible e-con e-child\" data-id=\"076dfe5\" data-element_type=\"container\" data-settings=\"{&quot;animation&quot;:&quot;fadeInLeft&quot;,&quot;content_width&quot;:&quot;boxed&quot;}\">\n\t\t\t\t\t<div class=\"e-con-inner\">\n\t\t\t\t<div class=\"elementor-element elementor-element-c37c913 elementor-widget elementor-widget-heading\" data-id=\"c37c913\" data-element_type=\"widget\" data-settings=\"{&quot;_animation&quot;:&quot;none&quot;}\" data-widget_type=\"heading.default\">\n\t\t\t\t<div class=\"elementor-widget-container\">\n\t\t\t<style>\/*! elementor - v3.19.0 - 07-02-2024 *\/\n.elementor-heading-title{padding:0;margin:0;line-height:1}.elementor-widget-heading .elementor-heading-title[class*=elementor-size-]>a{color:inherit;font-size:inherit;line-height:inherit}.elementor-widget-heading .elementor-heading-title.elementor-size-small{font-size:15px}.elementor-widget-heading .elementor-heading-title.elementor-size-medium{font-size:19px}.elementor-widget-heading .elementor-heading-title.elementor-size-large{font-size:29px}.elementor-widget-heading .elementor-heading-title.elementor-size-xl{font-size:39px}.elementor-widget-heading .elementor-heading-title.elementor-size-xxl{font-size:59px}<\/style><h2 class=\"elementor-heading-title elementor-size-default\">o espa\u00e7o\n\n<\/h2>\t\t<\/div>\n\t\t\t\t<\/div>\n\t\t\t\t<div class=\"elementor-element elementor-element-0abb0b7 elementor-widget elementor-widget-text-editor\" data-id=\"0abb0b7\" data-element_type=\"widget\" data-settings=\"{&quot;_animation&quot;:&quot;none&quot;}\" data-widget_type=\"text-editor.default\">\n\t\t\t\t<div class=\"elementor-widget-container\">\n\t\t\t<style>\/*! elementor - v3.19.0 - 07-02-2024 *\/\n.elementor-widget-text-editor.elementor-drop-cap-view-stacked .elementor-drop-cap{background-color:#69727d;color:#fff}.elementor-widget-text-editor.elementor-drop-cap-view-framed .elementor-drop-cap{color:#69727d;border:3px solid;background-color:transparent}.elementor-widget-text-editor:not(.elementor-drop-cap-view-default) .elementor-drop-cap{margin-top:8px}.elementor-widget-text-editor:not(.elementor-drop-cap-view-default) .elementor-drop-cap-letter{width:1em;height:1em}.elementor-widget-text-editor .elementor-drop-cap{float:left;text-align:center;line-height:1;font-size:50px}.elementor-widget-text-editor .elementor-drop-cap-letter{display:inline-block}<\/style>\t\t\t\tN\u00f3s estamos sempre em busca da perfei\u00e7\u00e3o e procuramos nos reinventar em cada oportunidade. Queremos muito mais que satisfazer, por isso somos detalhistas em cada corte, no atendimento impec\u00e1vel, em nosso card\u00e1pio inovador e em nossa decora\u00e7\u00e3o elegante.\n\nE para acompanhar nosso desejo em criar experi\u00eancias \u00fanicas, temos orgulho de apresentar um novo espa\u00e7o. Mais contempor\u00e2neo, mas acolhedor como sempre. Venha conhecer o novo endere\u00e7o do Dinho&#8217;s, o cl\u00e1ssico da grelha. Estamos prontos para te surpreender.\t\t\t\t\t\t<\/div>\n\t\t\t\t<\/div>\n\t\t\t\t<div class=\"elementor-element elementor-element-fa0641e elementor-align-left elementor-widget elementor-widget-button\" data-id=\"fa0641e\" data-element_type=\"widget\" data-settings=\"{&quot;_animation&quot;:&quot;none&quot;,&quot;_animation_delay&quot;:0}\" data-widget_type=\"button.default\">\n\t\t\t\t<div class=\"elementor-widget-container\">\n\t\t\t\t\t<div class=\"elementor-button-wrapper\">\n\t\t\t<a class=\"elementor-button elementor-button-link elementor-size-md\" href=\"#\">\n\t\t\t\t\t\t<span class=\"elementor-button-content-wrapper\">\n\t\t\t\t\t\t<span class=\"elementor-button-text\">Fa\u00e7a uma reserva<\/span>\n\t\t<\/span>\n\t\t\t\t\t<\/a>\n\t\t<\/div>\n\t\t\t\t<\/div>\n\t\t\t\t<\/div>\n\t\t\t\t\t<\/div>\n\t\t\t\t<\/div>\n\t\t<div class=\"elementor-element elementor-element-f2909b6 e-flex e-con-boxed elementor-invisible e-con e-child\" data-id=\"f2909b6\" data-element_type=\"container\" data-settings=\"{&quot;animation&quot;:&quot;fadeInRight&quot;,&quot;content_width&quot;:&quot;boxed&quot;}\">\n\t\t\t\t\t<div class=\"e-con-inner\">\n\t\t\t\t<div class=\"elementor-element elementor-element-a992894 elementor-widget elementor-widget-image\" data-id=\"a992894\" data-element_type=\"widget\" data-widget_type=\"image.default\">\n\t\t\t\t<div class=\"elementor-widget-container\">\n\t\t\t<style>\/*! elementor - v3.19.0 - 07-02-2024 *\/\n.elementor-widget-image{text-align:center}.elementor-widget-image a{display:inline-block}.elementor-widget-image a img[src$=\".svg\"]{width:48px}.elementor-widget-image img{vertical-align:middle;display:inline-block}<\/style>\t\t\t\t\t\t\t\t\t\t<img fetchpriority=\"high\" decoding=\"async\" width=\"800\" height=\"450\" src=\"https:\/\/dinhosjardins.com.br\/wp-content\/uploads\/2024\/01\/hero3-1024x576.jpg\" class=\"attachment-large size-large wp-image-354\" alt=\"\" srcset=\"https:\/\/dinhosjardins.com.br\/wp-content\/uploads\/2024\/01\/hero3-1024x576.jpg 1024w, https:\/\/dinhosjardins.com.br\/wp-content\/uploads\/2024\/01\/hero3-300x169.jpg 300w, https:\/\/dinhosjardins.com.br\/wp-content\/uploads\/2024\/01\/hero3-768x432.jpg 768w, https:\/\/dinhosjardins.com.br\/wp-content\/uploads\/2024\/01\/hero3-1536x864.jpg 1536w, https:\/\/dinhosjardins.com.br\/wp-content\/uploads\/2024\/01\/hero3.jpg 1920w\" sizes=\"(max-width: 800px) 100vw, 800px\" \/>\t\t\t\t\t\t\t\t\t\t\t\t\t<\/div>\n\t\t\t\t<\/div>\n\t\t\t\t\t<\/div>\n\t\t\t\t<\/div>\n\t\t\t\t\t<\/div>\n\t\t\t\t<\/div>\n\t\t<div class=\"elementor-element elementor-element-eb92cbc e-con-full e-flex e-con e-parent\" data-id=\"eb92cbc\" data-element_type=\"container\" data-settings=\"{&quot;content_width&quot;:&quot;full&quot;,&quot;background_background&quot;:&quot;classic&quot;}\" data-core-v316-plus=\"true\">\n\t\t<div class=\"elementor-element elementor-element-f6a1a50 e-con-full e-flex e-con e-child\" data-id=\"f6a1a50\" data-element_type=\"container\" data-settings=\"{&quot;content_width&quot;:&quot;full&quot;}\">\n\t\t<div class=\"elementor-element elementor-element-37e2225 e-flex e-con-boxed e-con e-child\" data-id=\"37e2225\" data-element_type=\"container\" data-settings=\"{&quot;content_width&quot;:&quot;boxed&quot;}\">\n\t\t\t\t\t<div class=\"e-con-inner\">\n\t\t\t\t<div class=\"elementor-element elementor-element-8f6f569 elementor-invisible elementor-widget elementor-widget-heading\" data-id=\"8f6f569\" data-element_type=\"widget\" data-settings=\"{&quot;_animation&quot;:&quot;fadeInUp&quot;}\" data-widget_type=\"heading.default\">\n\t\t\t\t<div class=\"elementor-widget-container\">\n\t\t\t<h2 class=\"elementor-heading-title elementor-size-default\">unidade jardins | Rua Professor Azevedo Amaral, 70\n\n\n<\/h2>\t\t<\/div>\n\t\t\t\t<\/div>\n\t\t\t\t\t<\/div>\n\t\t\t\t<\/div>\n\t\t\t\t<div class=\"elementor-element elementor-element-bad45a0 elementor-invisible elementor-widget elementor-widget-html\" data-id=\"bad45a0\" data-element_type=\"widget\" data-settings=\"{&quot;_animation&quot;:&quot;fadeInUp&quot;}\" data-widget_type=\"html.default\">\n\t\t\t\t<div class=\"elementor-widget-container\">\n\t\t\t<iframe src=\"https:\/\/www.google.com\/maps\/embed?pb=!1m18!1m12!1m3!1d1828.4901453860075!2d-46.66510129602334!3d-23.569151334656603!2m3!1f0!2f0!3f0!3m2!1i1024!2i768!4f13.1!3m3!1m2!1s0x94ce59960e28b265%3A0xbb2c8a85342c1a00!2sDinho&#39;s%20Jardins!5e0!3m2!1spt-BR!2sbr!4v1706893025888!5m2!1spt-BR!2sbr\"  height=\"450\" style=\"border:0;\" allowfullscreen=\"true\" loading=\"lazy\" referrerpolicy=\"no-referrer-when-downgrade\"><\/iframe>\t\t<\/div>\n\t\t\t\t<\/div>\n\t\t\t\t<\/div>\n\t\t\t\t<\/div>\n\t\t\t\t<\/div>","protected":false},"excerpt":{"rendered":"<p>Localiza\u00e7\u00e3o o espa\u00e7o N\u00f3s estamos sempre em busca da perfei\u00e7\u00e3o e procuramos nos reinventar em cada oportunidade. Queremos muito mais que satisfazer, por isso somos detalhistas em cada corte, no atendimento impec\u00e1vel, em nosso card\u00e1pio inovador e em nossa decora\u00e7\u00e3o elegante. E para acompanhar nosso desejo em criar experi\u00eancias \u00fanicas, temos orgulho de apresentar um [&hellip;]<\/p>","protected":false},"author":1,"featured_media":0,"parent":0,"menu_order":0,"comment_status":"closed","ping_status":"closed","template":"elementor_canvas","meta":{"inline_featured_image":false,"footnotes":""},"class_list":["post-52","page","type-page","status-publish","hentry"],"acf":[],"yoast_head":"<!-- This site is optimized with the Yoast SEO plugin v23.8 - https:\/\/yoast.com\/wordpress\/plugins\/seo\/ -->\n<title>Localiza\u00e7\u00e3o - Dinhos Jardins<\/title>\n<meta name=\"robots\" content=\"index, follow, max-snippet:-1, max-image-preview:large, max-video-preview:-1\" \/>\n<link rel=\"canonical\" href=\"https:\/\/dinhosjardins.com.br\/en\/location\/\" \/>\n<meta property=\"og:locale\" content=\"en_GB\" \/>\n<meta property=\"og:type\" content=\"article\" \/>\n<meta property=\"og:title\" content=\"Localiza\u00e7\u00e3o - Dinhos Jardins\" \/>\n<meta property=\"og:description\" content=\"Localiza\u00e7\u00e3o o espa\u00e7o N\u00f3s estamos sempre em busca da perfei\u00e7\u00e3o e procuramos nos reinventar em cada oportunidade. Queremos muito mais que satisfazer, por isso somos detalhistas em cada corte, no atendimento impec\u00e1vel, em nosso card\u00e1pio inovador e em nossa decora\u00e7\u00e3o elegante. E para acompanhar nosso desejo em criar experi\u00eancias \u00fanicas, temos orgulho de apresentar um [&hellip;]\" \/>\n<meta property=\"og:url\" content=\"https:\/\/dinhosjardins.com.br\/en\/location\/\" \/>\n<meta property=\"og:site_name\" content=\"Dinhos Jardins\" \/>\n<meta property=\"article:publisher\" content=\"https:\/\/www.facebook.com\/restaurantedinhos\/\" \/>\n<meta property=\"article:modified_time\" content=\"2024-07-01T14:13:52+00:00\" \/>\n<meta property=\"og:image\" content=\"https:\/\/dinhosjardins.com.br\/wp-content\/uploads\/2024\/01\/hero3.jpg\" \/>\n\t<meta property=\"og:image:width\" content=\"1920\" \/>\n\t<meta property=\"og:image:height\" content=\"1080\" \/>\n\t<meta property=\"og:image:type\" content=\"image\/jpeg\" \/>\n<meta name=\"twitter:card\" content=\"summary_large_image\" \/>\n<meta name=\"twitter:label1\" content=\"Est. reading time\" \/>\n\t<meta name=\"twitter:data1\" content=\"1 minute\" \/>\n<script type=\"application\/ld+json\" class=\"yoast-schema-graph\">{\"@context\":\"https:\/\/schema.org\",\"@graph\":[{\"@type\":\"WebPage\",\"@id\":\"https:\/\/dinhosjardins.com.br\/localizacao\/\",\"url\":\"https:\/\/dinhosjardins.com.br\/localizacao\/\",\"name\":\"Localiza\u00e7\u00e3o - Dinhos Jardins\",\"isPartOf\":{\"@id\":\"https:\/\/dinhosjardins.com.br\/#website\"},\"primaryImageOfPage\":{\"@id\":\"https:\/\/dinhosjardins.com.br\/localizacao\/#primaryimage\"},\"image\":{\"@id\":\"https:\/\/dinhosjardins.com.br\/localizacao\/#primaryimage\"},\"thumbnailUrl\":\"https:\/\/dinhosjardins.com.br\/wp-content\/uploads\/2024\/01\/hero3-1024x576.jpg\",\"datePublished\":\"2024-01-27T18:16:04+00:00\",\"dateModified\":\"2024-07-01T14:13:52+00:00\",\"breadcrumb\":{\"@id\":\"https:\/\/dinhosjardins.com.br\/localizacao\/#breadcrumb\"},\"inLanguage\":\"en-GB\",\"potentialAction\":[{\"@type\":\"ReadAction\",\"target\":[\"https:\/\/dinhosjardins.com.br\/localizacao\/\"]}]},{\"@type\":\"ImageObject\",\"inLanguage\":\"en-GB\",\"@id\":\"https:\/\/dinhosjardins.com.br\/localizacao\/#primaryimage\",\"url\":\"https:\/\/dinhosjardins.com.br\/wp-content\/uploads\/2024\/01\/hero3-1024x576.jpg\",\"contentUrl\":\"https:\/\/dinhosjardins.com.br\/wp-content\/uploads\/2024\/01\/hero3-1024x576.jpg\"},{\"@type\":\"BreadcrumbList\",\"@id\":\"https:\/\/dinhosjardins.com.br\/localizacao\/#breadcrumb\",\"itemListElement\":[{\"@type\":\"ListItem\",\"position\":1,\"name\":\"In\u00edcio\",\"item\":\"https:\/\/dinhosjardins.com.br\/\"},{\"@type\":\"ListItem\",\"position\":2,\"name\":\"Localiza\u00e7\u00e3o\"}]},{\"@type\":\"WebSite\",\"@id\":\"https:\/\/dinhosjardins.com.br\/#website\",\"url\":\"https:\/\/dinhosjardins.com.br\/\",\"name\":\"Dinho's Jardins\",\"description\":\"\",\"publisher\":{\"@id\":\"https:\/\/dinhosjardins.com.br\/#organization\"},\"potentialAction\":[{\"@type\":\"SearchAction\",\"target\":{\"@type\":\"EntryPoint\",\"urlTemplate\":\"https:\/\/dinhosjardins.com.br\/?s={search_term_string}\"},\"query-input\":{\"@type\":\"PropertyValueSpecification\",\"valueRequired\":true,\"valueName\":\"search_term_string\"}}],\"inLanguage\":\"en-GB\"},{\"@type\":\"Organization\",\"@id\":\"https:\/\/dinhosjardins.com.br\/#organization\",\"name\":\"Dinho's Jardins\",\"url\":\"https:\/\/dinhosjardins.com.br\/\",\"logo\":{\"@type\":\"ImageObject\",\"inLanguage\":\"en-GB\",\"@id\":\"https:\/\/dinhosjardins.com.br\/#\/schema\/logo\/image\/\",\"url\":\"https:\/\/dinhosjardins.com.br\/wp-content\/uploads\/2024\/11\/cropped-logotipo-dinhos-jardins.png\",\"contentUrl\":\"https:\/\/dinhosjardins.com.br\/wp-content\/uploads\/2024\/11\/cropped-logotipo-dinhos-jardins.png\",\"width\":512,\"height\":512,\"caption\":\"Dinho's Jardins\"},\"image\":{\"@id\":\"https:\/\/dinhosjardins.com.br\/#\/schema\/logo\/image\/\"},\"sameAs\":[\"https:\/\/www.facebook.com\/restaurantedinhos\/\",\"https:\/\/www.instagram.com\/restaurantedinhos\"]}]}<\/script>\n<!-- \/ Yoast SEO plugin. -->","yoast_head_json":{"title":"Localiza\u00e7\u00e3o - Dinhos Jardins","robots":{"index":"index","follow":"follow","max-snippet":"max-snippet:-1","max-image-preview":"max-image-preview:large","max-video-preview":"max-video-preview:-1"},"canonical":"https:\/\/dinhosjardins.com.br\/en\/location\/","og_locale":"en_GB","og_type":"article","og_title":"Localiza\u00e7\u00e3o - Dinhos Jardins","og_description":"Localiza\u00e7\u00e3o o espa\u00e7o N\u00f3s estamos sempre em busca da perfei\u00e7\u00e3o e procuramos nos reinventar em cada oportunidade. Queremos muito mais que satisfazer, por isso somos detalhistas em cada corte, no atendimento impec\u00e1vel, em nosso card\u00e1pio inovador e em nossa decora\u00e7\u00e3o elegante. E para acompanhar nosso desejo em criar experi\u00eancias \u00fanicas, temos orgulho de apresentar um [&hellip;]","og_url":"https:\/\/dinhosjardins.com.br\/en\/location\/","og_site_name":"Dinhos Jardins","article_publisher":"https:\/\/www.facebook.com\/restaurantedinhos\/","article_modified_time":"2024-07-01T14:13:52+00:00","og_image":[{"width":1920,"height":1080,"url":"https:\/\/dinhosjardins.com.br\/wp-content\/uploads\/2024\/01\/hero3.jpg","type":"image\/jpeg"}],"twitter_card":"summary_large_image","twitter_misc":{"Est. reading time":"1 minute"},"schema":{"@context":"https:\/\/schema.org","@graph":[{"@type":"WebPage","@id":"https:\/\/dinhosjardins.com.br\/localizacao\/","url":"https:\/\/dinhosjardins.com.br\/localizacao\/","name":"Localiza\u00e7\u00e3o - Dinhos Jardins","isPartOf":{"@id":"https:\/\/dinhosjardins.com.br\/#website"},"primaryImageOfPage":{"@id":"https:\/\/dinhosjardins.com.br\/localizacao\/#primaryimage"},"image":{"@id":"https:\/\/dinhosjardins.com.br\/localizacao\/#primaryimage"},"thumbnailUrl":"https:\/\/dinhosjardins.com.br\/wp-content\/uploads\/2024\/01\/hero3-1024x576.jpg","datePublished":"2024-01-27T18:16:04+00:00","dateModified":"2024-07-01T14:13:52+00:00","breadcrumb":{"@id":"https:\/\/dinhosjardins.com.br\/localizacao\/#breadcrumb"},"inLanguage":"en-GB","potentialAction":[{"@type":"ReadAction","target":["https:\/\/dinhosjardins.com.br\/localizacao\/"]}]},{"@type":"ImageObject","inLanguage":"en-GB","@id":"https:\/\/dinhosjardins.com.br\/localizacao\/#primaryimage","url":"https:\/\/dinhosjardins.com.br\/wp-content\/uploads\/2024\/01\/hero3-1024x576.jpg","contentUrl":"https:\/\/dinhosjardins.com.br\/wp-content\/uploads\/2024\/01\/hero3-1024x576.jpg"},{"@type":"BreadcrumbList","@id":"https:\/\/dinhosjardins.com.br\/localizacao\/#breadcrumb","itemListElement":[{"@type":"ListItem","position":1,"name":"In\u00edcio","item":"https:\/\/dinhosjardins.com.br\/"},{"@type":"ListItem","position":2,"name":"Localiza\u00e7\u00e3o"}]},{"@type":"WebSite","@id":"https:\/\/dinhosjardins.com.br\/#website","url":"https:\/\/dinhosjardins.com.br\/","name":"Dinho's Jardins","description":"","publisher":{"@id":"https:\/\/dinhosjardins.com.br\/#organization"},"potentialAction":[{"@type":"SearchAction","target":{"@type":"EntryPoint","urlTemplate":"https:\/\/dinhosjardins.com.br\/?s={search_term_string}"},"query-input":{"@type":"PropertyValueSpecification","valueRequired":true,"valueName":"search_term_string"}}],"inLanguage":"en-GB"},{"@type":"Organization","@id":"https:\/\/dinhosjardins.com.br\/#organization","name":"Dinho's Jardins","url":"https:\/\/dinhosjardins.com.br\/","logo":{"@type":"ImageObject","inLanguage":"en-GB","@id":"https:\/\/dinhosjardins.com.br\/#\/schema\/logo\/image\/","url":"https:\/\/dinhosjardins.com.br\/wp-content\/uploads\/2024\/11\/cropped-logotipo-dinhos-jardins.png","contentUrl":"https:\/\/dinhosjardins.com.br\/wp-content\/uploads\/2024\/11\/cropped-logotipo-dinhos-jardins.png","width":512,"height":512,"caption":"Dinho's Jardins"},"image":{"@id":"https:\/\/dinhosjardins.com.br\/#\/schema\/logo\/image\/"},"sameAs":["https:\/\/www.facebook.com\/restaurantedinhos\/","https:\/\/www.instagram.com\/restaurantedinhos"]}]}},"_links":{"self":[{"href":"https:\/\/dinhosjardins.com.br\/en\/wp-json\/wp\/v2\/pages\/52","targetHints":{"allow":["GET"]}}],"collection":[{"href":"https:\/\/dinhosjardins.com.br\/en\/wp-json\/wp\/v2\/pages"}],"about":[{"href":"https:\/\/dinhosjardins.com.br\/en\/wp-json\/wp\/v2\/types\/page"}],"author":[{"embeddable":true,"href":"https:\/\/dinhosjardins.com.br\/en\/wp-json\/wp\/v2\/users\/1"}],"replies":[{"embeddable":true,"href":"https:\/\/dinhosjardins.com.br\/en\/wp-json\/wp\/v2\/comments?post=52"}],"version-history":[{"count":6,"href":"https:\/\/dinhosjardins.com.br\/en\/wp-json\/wp\/v2\/pages\/52\/revisions"}],"predecessor-version":[{"id":2515,"href":"https:\/\/dinhosjardins.com.br\/en\/wp-json\/wp\/v2\/pages\/52\/revisions\/2515"}],"wp:attachment":[{"href":"https:\/\/dinhosjardins.com.br\/en\/wp-json\/wp\/v2\/media?parent=52"}],"curies":[{"name":"wp","href":"https:\/\/api.w.org\/{rel}","templated":true}]}}